{"id":10643,"date":"2017-01-18T15:03:09","date_gmt":"2017-01-18T15:03:09","guid":{"rendered":"http:\/\/barista.edge-themes.com\/?page_id=10643"},"modified":"2019-05-04T13:08:52","modified_gmt":"2019-05-04T11:08:52","slug":"getraenke-und-speisen","status":"publish","type":"page","link":"https:\/\/cafe-treffpunkt.at\/?page_id=10643","title":{"rendered":"Getr\u00e4nke &#038; Speisen"},"content":{"rendered":"<div class=\"wpb-content-wrapper\"><p>[vc_row css=&#8220;.vc_custom_1555610164002{padding-top: 70px !important;padding-bottom: 70px !important;}&#8220;][vc_column width=&#8220;1\/6&#8243;][\/vc_column][vc_column width=&#8220;2\/3&#8243;][vc_column_text css=&#8220;.vc_custom_1555611899068{padding-right: 20px !important;padding-left: 20px !important;}&#8220;]Frische Zutaten haben bei uns h\u00f6chste Priorit\u00e4t \u2013 ob Getr\u00e4nke oder Speisen. Das Cafe Treffpunkt steht f\u00fcr frische und beste Qualit\u00e4t. Egal ob Getr\u00e4nke, Mehlspeisen, Snacks, Cocktails oder Eisbecher \u2013 wir verwenden ausschlie\u00dflich frische Zutaten.[\/vc_column_text][\/vc_column][vc_column width=&#8220;1\/6&#8243;][\/vc_column][\/vc_row][vc_row content_aligment=&#8220;center&#8220; css=&#8220;.vc_custom_1553110522945{padding-bottom: 50px !important;}&#8220;][vc_column]<a itemprop=\"url\" href=\"http:\/\/cafe-treffpunkt.at\/wp-content\/uploads\/2019\/04\/Karte_Web.pdf\" target=\"_self\"  class=\"edgtf-btn edgtf-btn-medium edgtf-btn-solid\"  >\n\t<span class=\"edgtf-btn-text\">Gesamte Karte ansehen<\/span>\n    <\/a>[\/vc_column][\/vc_row][vc_row content_width=&#8220;grid&#8220; css=&#8220;.vc_custom_1555610177804{padding-bottom: 70px !important;}&#8220;][vc_column offset=&#8220;vc_col-lg-6 vc_col-md-12 vc_col-xs-12&#8243;][vc_column_text]<\/p>\n<h2>Hei\u00dfgetr\u00e4nke<\/h2>\n<p>[\/vc_column_text][vc_empty_space height=&#8220;27px&#8220;]<div class=\"edgtf-separator-holder clearfix  edgtf-separator-left\">\n\t<div class=\"edgtf-separator\" style=\"width: 120px;border-bottom-width: 3px\"><\/div>\n<\/div>\n[vc_empty_space height=&#8220;40px&#8220;]<div class=\"edgtf-cafe-menu-list\"><ul class=\"edgtf-cml-holder\"><li class=\"edgtf-cml-item clearfix\">\n\t\t<div class=\"edgtf-cml-item-content\">\n\t\t<div class=\"edgtf-cml-top-holder\">\n\t\t\t<div class=\"edgtf-cml-title-holder\">\n\t\t\t\t<h3 class=\"edgtf-cml-title\">\n\t\t\t\t\tVerl\u00e4ngerter oder Haag\t\t\t\t<\/h3>\n\t\t\t<\/div>\n\t\t\t<div class=\"edgtf-cml-line\"><\/div>\n\n\t\t\t\t\t<\/div>\n\t\t<div class=\"edgtf-cml-bottom-holder clearfix\">\n\t\t\t\n\t\t\t\t\t<\/div>\n\t<\/div>\n\n<\/li><li class=\"edgtf-cml-item clearfix\">\n\t\t<div class=\"edgtf-cml-item-content\">\n\t\t<div class=\"edgtf-cml-top-holder\">\n\t\t\t<div class=\"edgtf-cml-title-holder\">\n\t\t\t\t<h3 class=\"edgtf-cml-title\">\n\t\t\t\t\tMelange\t\t\t\t<\/h3>\n\t\t\t<\/div>\n\t\t\t<div class=\"edgtf-cml-line\"><\/div>\n\n\t\t\t\t\t<\/div>\n\t\t<div class=\"edgtf-cml-bottom-holder clearfix\">\n\t\t\t\n\t\t\t\t\t<\/div>\n\t<\/div>\n\n<\/li><li class=\"edgtf-cml-item clearfix\">\n\t\t<div class=\"edgtf-cml-item-content\">\n\t\t<div class=\"edgtf-cml-top-holder\">\n\t\t\t<div class=\"edgtf-cml-title-holder\">\n\t\t\t\t<h3 class=\"edgtf-cml-title\">\n\t\t\t\t\tCappuccino\t\t\t\t<\/h3>\n\t\t\t<\/div>\n\t\t\t<div class=\"edgtf-cml-line\"><\/div>\n\n\t\t\t\t\t<\/div>\n\t\t<div class=\"edgtf-cml-bottom-holder clearfix\">\n\t\t\t\t\t\t<div class=\"edgtf-cml-description-holder\">\n\t\t\t\tmit Milchschaum \t\t\t<\/div>\n\t\t\t\n\t\t\t\t\t<\/div>\n\t<\/div>\n\n<\/li><li class=\"edgtf-cml-item clearfix\">\n\t\t<div class=\"edgtf-cml-item-content\">\n\t\t<div class=\"edgtf-cml-top-holder\">\n\t\t\t<div class=\"edgtf-cml-title-holder\">\n\t\t\t\t<h3 class=\"edgtf-cml-title\">\n\t\t\t\t\tTee\t\t\t\t<\/h3>\n\t\t\t<\/div>\n\t\t\t<div class=\"edgtf-cml-line\"><\/div>\n\n\t\t\t\t\t<\/div>\n\t\t<div class=\"edgtf-cml-bottom-holder clearfix\">\n\t\t\t\n\t\t\t\t\t<\/div>\n\t<\/div>\n\n<\/li><li class=\"edgtf-cml-item clearfix\">\n\t\t<div class=\"edgtf-cml-item-content\">\n\t\t<div class=\"edgtf-cml-top-holder\">\n\t\t\t<div class=\"edgtf-cml-title-holder\">\n\t\t\t\t<h3 class=\"edgtf-cml-title\">\n\t\t\t\t\tHei\u00dfe Schokolade\t\t\t\t<\/h3>\n\t\t\t<\/div>\n\t\t\t<div class=\"edgtf-cml-line\"><\/div>\n\n\t\t\t\t\t<\/div>\n\t\t<div class=\"edgtf-cml-bottom-holder clearfix\">\n\t\t\t\n\t\t\t\t\t<\/div>\n\t<\/div>\n\n<\/li><li class=\"edgtf-cml-item clearfix\">\n\t\t<div class=\"edgtf-cml-item-content\">\n\t\t<div class=\"edgtf-cml-top-holder\">\n\t\t\t<div class=\"edgtf-cml-title-holder\">\n\t\t\t\t<h3 class=\"edgtf-cml-title\">\n\t\t\t\t\tKleiner Schwarzer\t\t\t\t<\/h3>\n\t\t\t<\/div>\n\t\t\t<div class=\"edgtf-cml-line\"><\/div>\n\n\t\t\t\t\t<\/div>\n\t\t<div class=\"edgtf-cml-bottom-holder clearfix\">\n\t\t\t\t\t\t<div class=\"edgtf-cml-description-holder\">\n\t\t\t\toder Brauner\t\t\t<\/div>\n\t\t\t\n\t\t\t\t\t<\/div>\n\t<\/div>\n\n<\/li><li class=\"edgtf-cml-item clearfix\">\n\t\t<div class=\"edgtf-cml-item-content\">\n\t\t<div class=\"edgtf-cml-top-holder\">\n\t\t\t<div class=\"edgtf-cml-title-holder\">\n\t\t\t\t<h3 class=\"edgtf-cml-title\">\n\t\t\t\t\tLatte Macchiato\t\t\t\t<\/h3>\n\t\t\t<\/div>\n\t\t\t<div class=\"edgtf-cml-line\"><\/div>\n\n\t\t\t\t\t<\/div>\n\t\t<div class=\"edgtf-cml-bottom-holder clearfix\">\n\t\t\t\n\t\t\t\t\t<\/div>\n\t<\/div>\n\n<\/li><li class=\"edgtf-cml-item clearfix\">\n\t\t<div class=\"edgtf-cml-item-content\">\n\t\t<div class=\"edgtf-cml-top-holder\">\n\t\t\t<div class=\"edgtf-cml-title-holder\">\n\t\t\t\t<h3 class=\"edgtf-cml-title\">\n\t\t\t\t\tGro\u00dfer Schwarzer\t\t\t\t<\/h3>\n\t\t\t<\/div>\n\t\t\t<div class=\"edgtf-cml-line\"><\/div>\n\n\t\t\t\t\t<\/div>\n\t\t<div class=\"edgtf-cml-bottom-holder clearfix\">\n\t\t\t\t\t\t<div class=\"edgtf-cml-description-holder\">\n\t\t\t\toder Brauner\t\t\t<\/div>\n\t\t\t\n\t\t\t\t\t<\/div>\n\t<\/div>\n\n<\/li><li class=\"edgtf-cml-item clearfix\">\n\t\t<div class=\"edgtf-cml-item-content\">\n\t\t<div class=\"edgtf-cml-top-holder\">\n\t\t\t<div class=\"edgtf-cml-title-holder\">\n\t\t\t\t<h3 class=\"edgtf-cml-title\">\n\t\t\t\t\tHei\u00dfe Schokolade\t\t\t\t<\/h3>\n\t\t\t<\/div>\n\t\t\t<div class=\"edgtf-cml-line\"><\/div>\n\n\t\t\t\t\t<\/div>\n\t\t<div class=\"edgtf-cml-bottom-holder clearfix\">\n\t\t\t\t\t\t<div class=\"edgtf-cml-description-holder\">\n\t\t\t\tmit Schlagobers\t\t\t<\/div>\n\t\t\t\n\t\t\t\t\t<\/div>\n\t<\/div>\n\n<\/li><li class=\"edgtf-cml-item clearfix\">\n\t\t<div class=\"edgtf-cml-item-content\">\n\t\t<div class=\"edgtf-cml-top-holder\">\n\t\t\t<div class=\"edgtf-cml-title-holder\">\n\t\t\t\t<h3 class=\"edgtf-cml-title\">\n\t\t\t\t\tHei\u00dfe Schokolade\t\t\t\t<\/h3>\n\t\t\t<\/div>\n\t\t\t<div class=\"edgtf-cml-line\"><\/div>\n\n\t\t\t\t\t<\/div>\n\t\t<div class=\"edgtf-cml-bottom-holder clearfix\">\n\t\t\t\t\t\t<div class=\"edgtf-cml-description-holder\">\n\t\t\t\tmit Rum\t\t\t<\/div>\n\t\t\t\n\t\t\t\t\t<\/div>\n\t<\/div>\n\n<\/li><li class=\"edgtf-cml-item clearfix\">\n\t\t<div class=\"edgtf-cml-item-content\">\n\t\t<div class=\"edgtf-cml-top-holder\">\n\t\t\t<div class=\"edgtf-cml-title-holder\">\n\t\t\t\t<h3 class=\"edgtf-cml-title\">\n\t\t\t\t\tTee\t\t\t\t<\/h3>\n\t\t\t<\/div>\n\t\t\t<div class=\"edgtf-cml-line\"><\/div>\n\n\t\t\t\t\t<\/div>\n\t\t<div class=\"edgtf-cml-bottom-holder clearfix\">\n\t\t\t\t\t\t<div class=\"edgtf-cml-description-holder\">\n\t\t\t\tmit Schnaps oder Rum\t\t\t<\/div>\n\t\t\t\n\t\t\t\t\t<\/div>\n\t<\/div>\n\n<\/li><li class=\"edgtf-cml-item clearfix\">\n\t\t<div class=\"edgtf-cml-item-content\">\n\t\t<div class=\"edgtf-cml-top-holder\">\n\t\t\t<div class=\"edgtf-cml-title-holder\">\n\t\t\t\t<h3 class=\"edgtf-cml-title\">\n\t\t\t\t\tGl\u00fchwein\t\t\t\t<\/h3>\n\t\t\t<\/div>\n\t\t\t<div class=\"edgtf-cml-line\"><\/div>\n\n\t\t\t\t\t<\/div>\n\t\t<div class=\"edgtf-cml-bottom-holder clearfix\">\n\t\t\t\t\t\t<div class=\"edgtf-cml-description-holder\">\n\t\t\t\tje nach Saison\t\t\t<\/div>\n\t\t\t\n\t\t\t\t\t<\/div>\n\t<\/div>\n\n<\/li><\/ul><\/div>[vc_empty_space height=&#8220;40px&#8220;][\/vc_column][vc_column offset=&#8220;vc_col-lg-6 vc_col-md-12 vc_col-xs-12&#8243;][vc_column_text]<\/p>\n<h2>Kaltgetr\u00e4nke<\/h2>\n<p>[\/vc_column_text][vc_empty_space height=&#8220;27px&#8220;]<div class=\"edgtf-separator-holder clearfix  edgtf-separator-left\">\n\t<div class=\"edgtf-separator\" style=\"width: 120px;border-bottom-width: 3px\"><\/div>\n<\/div>\n[vc_empty_space height=&#8220;40px&#8220;]<div class=\"edgtf-cafe-menu-list\"><ul class=\"edgtf-cml-holder\"><li class=\"edgtf-cml-item clearfix\">\n\t\t<div class=\"edgtf-cml-item-content\">\n\t\t<div class=\"edgtf-cml-top-holder\">\n\t\t\t<div class=\"edgtf-cml-title-holder\">\n\t\t\t\t<h3 class=\"edgtf-cml-title\">\n\t\t\t\t\tAlkoholfreier Cocktail\t\t\t\t<\/h3>\n\t\t\t<\/div>\n\t\t\t<div class=\"edgtf-cml-line\"><\/div>\n\n\t\t\t\t\t<\/div>\n\t\t<div class=\"edgtf-cml-bottom-holder clearfix\">\n\t\t\t\t\t\t<div class=\"edgtf-cml-description-holder\">\n\t\t\t\tAlice, Florida, Pink Plum\t\t\t<\/div>\n\t\t\t\n\t\t\t\t\t<\/div>\n\t<\/div>\n\n<\/li><li class=\"edgtf-cml-item clearfix\">\n\t\t<div class=\"edgtf-cml-item-content\">\n\t\t<div class=\"edgtf-cml-top-holder\">\n\t\t\t<div class=\"edgtf-cml-title-holder\">\n\t\t\t\t<h3 class=\"edgtf-cml-title\">\n\t\t\t\t\tCocktail\t\t\t\t<\/h3>\n\t\t\t<\/div>\n\t\t\t<div class=\"edgtf-cml-line\"><\/div>\n\n\t\t\t\t\t<\/div>\n\t\t<div class=\"edgtf-cml-bottom-holder clearfix\">\n\t\t\t\t\t\t<div class=\"edgtf-cml-description-holder\">\n\t\t\t\tPina Colada, Tequila Sunrise, Caipirinha, Whiskey Sour\t\t\t<\/div>\n\t\t\t\n\t\t\t\t\t<\/div>\n\t<\/div>\n\n<\/li><li class=\"edgtf-cml-item clearfix\">\n\t\t<div class=\"edgtf-cml-item-content\">\n\t\t<div class=\"edgtf-cml-top-holder\">\n\t\t\t<div class=\"edgtf-cml-title-holder\">\n\t\t\t\t<h3 class=\"edgtf-cml-title\">\n\t\t\t\t\tSchnaps\t\t\t\t<\/h3>\n\t\t\t<\/div>\n\t\t\t<div class=\"edgtf-cml-line\"><\/div>\n\n\t\t\t\t\t<\/div>\n\t\t<div class=\"edgtf-cml-bottom-holder clearfix\">\n\t\t\t\t\t\t<div class=\"edgtf-cml-description-holder\">\n\t\t\t\tWilliams, Obstler, Marille, Weichsel, Zwetschke\t\t\t<\/div>\n\t\t\t\n\t\t\t\t\t<\/div>\n\t<\/div>\n\n<\/li><li class=\"edgtf-cml-item clearfix\">\n\t\t<div class=\"edgtf-cml-item-content\">\n\t\t<div class=\"edgtf-cml-top-holder\">\n\t\t\t<div class=\"edgtf-cml-title-holder\">\n\t\t\t\t<h3 class=\"edgtf-cml-title\">\n\t\t\t\t\t3cl Vodka\t\t\t\t<\/h3>\n\t\t\t<\/div>\n\t\t\t<div class=\"edgtf-cml-line\"><\/div>\n\n\t\t\t\t\t<\/div>\n\t\t<div class=\"edgtf-cml-bottom-holder clearfix\">\n\t\t\t\t\t\t<div class=\"edgtf-cml-description-holder\">\n\t\t\t\toder Gin, Bacardi, Rum mit Cola, Cappy, Tonic\t\t\t<\/div>\n\t\t\t\n\t\t\t\t\t<\/div>\n\t<\/div>\n\n<\/li><li class=\"edgtf-cml-item clearfix\">\n\t\t<div class=\"edgtf-cml-item-content\">\n\t\t<div class=\"edgtf-cml-top-holder\">\n\t\t\t<div class=\"edgtf-cml-title-holder\">\n\t\t\t\t<h3 class=\"edgtf-cml-title\">\n\t\t\t\t\tFlasche Henkel Blanc de Blanc\t\t\t\t<\/h3>\n\t\t\t<\/div>\n\t\t\t<div class=\"edgtf-cml-line\"><\/div>\n\n\t\t\t\t\t<\/div>\n\t\t<div class=\"edgtf-cml-bottom-holder clearfix\">\n\t\t\t\n\t\t\t\t\t<\/div>\n\t<\/div>\n\n<\/li><li class=\"edgtf-cml-item clearfix\">\n\t\t<div class=\"edgtf-cml-item-content\">\n\t\t<div class=\"edgtf-cml-top-holder\">\n\t\t\t<div class=\"edgtf-cml-title-holder\">\n\t\t\t\t<h3 class=\"edgtf-cml-title\">\n\t\t\t\t\tAperolspritzer\t\t\t\t<\/h3>\n\t\t\t<\/div>\n\t\t\t<div class=\"edgtf-cml-line\"><\/div>\n\n\t\t\t\t\t<\/div>\n\t\t<div class=\"edgtf-cml-bottom-holder clearfix\">\n\t\t\t\n\t\t\t\t\t<\/div>\n\t<\/div>\n\n<\/li><li class=\"edgtf-cml-item clearfix\">\n\t\t<div class=\"edgtf-cml-item-content\">\n\t\t<div class=\"edgtf-cml-top-holder\">\n\t\t\t<div class=\"edgtf-cml-title-holder\">\n\t\t\t\t<h3 class=\"edgtf-cml-title\">\n\t\t\t\t\tZweigelt 1\/8l\t\t\t\t<\/h3>\n\t\t\t<\/div>\n\t\t\t<div class=\"edgtf-cml-line\"><\/div>\n\n\t\t\t\t\t<\/div>\n\t\t<div class=\"edgtf-cml-bottom-holder clearfix\">\n\t\t\t\n\t\t\t\t\t<\/div>\n\t<\/div>\n\n<\/li><li class=\"edgtf-cml-item clearfix\">\n\t\t<div class=\"edgtf-cml-item-content\">\n\t\t<div class=\"edgtf-cml-top-holder\">\n\t\t\t<div class=\"edgtf-cml-title-holder\">\n\t\t\t\t<h3 class=\"edgtf-cml-title\">\n\t\t\t\t\tRed Bull\t\t\t\t<\/h3>\n\t\t\t<\/div>\n\t\t\t<div class=\"edgtf-cml-line\"><\/div>\n\n\t\t\t\t\t<\/div>\n\t\t<div class=\"edgtf-cml-bottom-holder clearfix\">\n\t\t\t\n\t\t\t\t\t<\/div>\n\t<\/div>\n\n<\/li><li class=\"edgtf-cml-item clearfix\">\n\t\t<div class=\"edgtf-cml-item-content\">\n\t\t<div class=\"edgtf-cml-top-holder\">\n\t\t\t<div class=\"edgtf-cml-title-holder\">\n\t\t\t\t<h3 class=\"edgtf-cml-title\">\n\t\t\t\t\tFl. Pago\t\t\t\t<\/h3>\n\t\t\t<\/div>\n\t\t\t<div class=\"edgtf-cml-line\"><\/div>\n\n\t\t\t\t\t<\/div>\n\t\t<div class=\"edgtf-cml-bottom-holder clearfix\">\n\t\t\t\t\t\t<div class=\"edgtf-cml-description-holder\">\n\t\t\t\tMarille, Erdbeere, ACE, Mango, Johannisbeere Zwetschke\t\t\t<\/div>\n\t\t\t\n\t\t\t\t\t<\/div>\n\t<\/div>\n\n<\/li><li class=\"edgtf-cml-item clearfix\">\n\t\t<div class=\"edgtf-cml-item-content\">\n\t\t<div class=\"edgtf-cml-top-holder\">\n\t\t\t<div class=\"edgtf-cml-title-holder\">\n\t\t\t\t<h3 class=\"edgtf-cml-title\">\n\t\t\t\t\tLimonade\t\t\t\t<\/h3>\n\t\t\t<\/div>\n\t\t\t<div class=\"edgtf-cml-line\"><\/div>\n\n\t\t\t\t\t<\/div>\n\t\t<div class=\"edgtf-cml-bottom-holder clearfix\">\n\t\t\t\t\t\t<div class=\"edgtf-cml-description-holder\">\n\t\t\t\tCoca Cola Light, Fanta, Sprite, Almdudler, Apfelsaft, Ananassaft, Cappy, Eistee Pfirsich\t\t\t<\/div>\n\t\t\t\n\t\t\t\t\t<\/div>\n\t<\/div>\n\n<\/li><li class=\"edgtf-cml-item clearfix\">\n\t\t<div class=\"edgtf-cml-item-content\">\n\t\t<div class=\"edgtf-cml-top-holder\">\n\t\t\t<div class=\"edgtf-cml-title-holder\">\n\t\t\t\t<h3 class=\"edgtf-cml-title\">\n\t\t\t\t\tWei\u00dfburgunder 1\/8l\t\t\t\t<\/h3>\n\t\t\t<\/div>\n\t\t\t<div class=\"edgtf-cml-line\"><\/div>\n\n\t\t\t\t\t<\/div>\n\t\t<div class=\"edgtf-cml-bottom-holder clearfix\">\n\t\t\t\n\t\t\t\t\t<\/div>\n\t<\/div>\n\n<\/li><li class=\"edgtf-cml-item clearfix\">\n\t\t<div class=\"edgtf-cml-item-content\">\n\t\t<div class=\"edgtf-cml-top-holder\">\n\t\t\t<div class=\"edgtf-cml-title-holder\">\n\t\t\t\t<h3 class=\"edgtf-cml-title\">\n\t\t\t\t\tSpritzer\t\t\t\t<\/h3>\n\t\t\t<\/div>\n\t\t\t<div class=\"edgtf-cml-line\"><\/div>\n\n\t\t\t\t\t<\/div>\n\t\t<div class=\"edgtf-cml-bottom-holder clearfix\">\n\t\t\t\t\t\t<div class=\"edgtf-cml-description-holder\">\n\t\t\t\twei\u00df oder rot\t\t\t<\/div>\n\t\t\t\n\t\t\t\t\t<\/div>\n\t<\/div>\n\n<\/li><\/ul><\/div>[vc_empty_space height=&#8220;40px&#8220;][\/vc_column][\/vc_row][vc_row content_width=&#8220;grid&#8220; css=&#8220;.vc_custom_1553110590453{padding-top: 20px !important;padding-bottom: 50px !important;}&#8220;][vc_column offset=&#8220;vc_col-lg-6 vc_col-md-12 vc_col-xs-12&#8243;][vc_column_text]<\/p>\n<h2>Speisen<\/h2>\n<p>[\/vc_column_text][vc_empty_space height=&#8220;27px&#8220;]<div class=\"edgtf-separator-holder clearfix  edgtf-separator-left\">\n\t<div class=\"edgtf-separator\" style=\"width: 120px;border-bottom-width: 3px\"><\/div>\n<\/div>\n[vc_empty_space height=&#8220;40px&#8220;]<div class=\"edgtf-cafe-menu-list\"><ul class=\"edgtf-cml-holder\"><li class=\"edgtf-cml-item clearfix\">\n\t\t<div class=\"edgtf-cml-item-content\">\n\t\t<div class=\"edgtf-cml-top-holder\">\n\t\t\t<div class=\"edgtf-cml-title-holder\">\n\t\t\t\t<h3 class=\"edgtf-cml-title\">\n\t\t\t\t\tPizza Margherita\t\t\t\t<\/h3>\n\t\t\t<\/div>\n\t\t\t<div class=\"edgtf-cml-line\"><\/div>\n\n\t\t\t\t\t<\/div>\n\t\t<div class=\"edgtf-cml-bottom-holder clearfix\">\n\t\t\t\n\t\t\t\t\t<\/div>\n\t<\/div>\n\n<\/li><li class=\"edgtf-cml-item clearfix\">\n\t\t<div class=\"edgtf-cml-item-content\">\n\t\t<div class=\"edgtf-cml-top-holder\">\n\t\t\t<div class=\"edgtf-cml-title-holder\">\n\t\t\t\t<h3 class=\"edgtf-cml-title\">\n\t\t\t\t\tPizza Prosciutto\t\t\t\t<\/h3>\n\t\t\t<\/div>\n\t\t\t<div class=\"edgtf-cml-line\"><\/div>\n\n\t\t\t\t\t<\/div>\n\t\t<div class=\"edgtf-cml-bottom-holder clearfix\">\n\t\t\t\n\t\t\t\t\t<\/div>\n\t<\/div>\n\n<\/li><li class=\"edgtf-cml-item clearfix\">\n\t\t<div class=\"edgtf-cml-item-content\">\n\t\t<div class=\"edgtf-cml-top-holder\">\n\t\t\t<div class=\"edgtf-cml-title-holder\">\n\t\t\t\t<h3 class=\"edgtf-cml-title\">\n\t\t\t\t\tPizza Salami\t\t\t\t<\/h3>\n\t\t\t<\/div>\n\t\t\t<div class=\"edgtf-cml-line\"><\/div>\n\n\t\t\t\t\t<\/div>\n\t\t<div class=\"edgtf-cml-bottom-holder clearfix\">\n\t\t\t\n\t\t\t\t\t<\/div>\n\t<\/div>\n\n<\/li><li class=\"edgtf-cml-item clearfix\">\n\t\t<div class=\"edgtf-cml-item-content\">\n\t\t<div class=\"edgtf-cml-top-holder\">\n\t\t\t<div class=\"edgtf-cml-title-holder\">\n\t\t\t\t<h3 class=\"edgtf-cml-title\">\n\t\t\t\t\tHauspizza\t\t\t\t<\/h3>\n\t\t\t<\/div>\n\t\t\t<div class=\"edgtf-cml-line\"><\/div>\n\n\t\t\t\t\t<\/div>\n\t\t<div class=\"edgtf-cml-bottom-holder clearfix\">\n\t\t\t\n\t\t\t\t\t<\/div>\n\t<\/div>\n\n<\/li><li class=\"edgtf-cml-item clearfix\">\n\t\t<div class=\"edgtf-cml-item-content\">\n\t\t<div class=\"edgtf-cml-top-holder\">\n\t\t\t<div class=\"edgtf-cml-title-holder\">\n\t\t\t\t<h3 class=\"edgtf-cml-title\">\n\t\t\t\t\tPizza Diavolo\t\t\t\t<\/h3>\n\t\t\t<\/div>\n\t\t\t<div class=\"edgtf-cml-line\"><\/div>\n\n\t\t\t\t\t<\/div>\n\t\t<div class=\"edgtf-cml-bottom-holder clearfix\">\n\t\t\t\n\t\t\t\t\t<\/div>\n\t<\/div>\n\n<\/li><li class=\"edgtf-cml-item clearfix\">\n\t\t<div class=\"edgtf-cml-item-content\">\n\t\t<div class=\"edgtf-cml-top-holder\">\n\t\t\t<div class=\"edgtf-cml-title-holder\">\n\t\t\t\t<h3 class=\"edgtf-cml-title\">\n\t\t\t\t\tToast\t\t\t\t<\/h3>\n\t\t\t<\/div>\n\t\t\t<div class=\"edgtf-cml-line\"><\/div>\n\n\t\t\t\t\t<\/div>\n\t\t<div class=\"edgtf-cml-bottom-holder clearfix\">\n\t\t\t\n\t\t\t\t\t<\/div>\n\t<\/div>\n\n<\/li><li class=\"edgtf-cml-item clearfix\">\n\t\t<div class=\"edgtf-cml-item-content\">\n\t\t<div class=\"edgtf-cml-top-holder\">\n\t\t\t<div class=\"edgtf-cml-title-holder\">\n\t\t\t\t<h3 class=\"edgtf-cml-title\">\n\t\t\t\t\tThunfisch Baguette\t\t\t\t<\/h3>\n\t\t\t<\/div>\n\t\t\t<div class=\"edgtf-cml-line\"><\/div>\n\n\t\t\t\t\t<\/div>\n\t\t<div class=\"edgtf-cml-bottom-holder clearfix\">\n\t\t\t\n\t\t\t\t\t<\/div>\n\t<\/div>\n\n<\/li><li class=\"edgtf-cml-item clearfix\">\n\t\t<div class=\"edgtf-cml-item-content\">\n\t\t<div class=\"edgtf-cml-top-holder\">\n\t\t\t<div class=\"edgtf-cml-title-holder\">\n\t\t\t\t<h3 class=\"edgtf-cml-title\">\n\t\t\t\t\tHausbaguette\t\t\t\t<\/h3>\n\t\t\t<\/div>\n\t\t\t<div class=\"edgtf-cml-line\"><\/div>\n\n\t\t\t\t\t<\/div>\n\t\t<div class=\"edgtf-cml-bottom-holder clearfix\">\n\t\t\t\n\t\t\t\t\t<\/div>\n\t<\/div>\n\n<\/li><li class=\"edgtf-cml-item clearfix\">\n\t\t<div class=\"edgtf-cml-item-content\">\n\t\t<div class=\"edgtf-cml-top-holder\">\n\t\t\t<div class=\"edgtf-cml-title-holder\">\n\t\t\t\t<h3 class=\"edgtf-cml-title\">\n\t\t\t\t\tHolzhackertoast\t\t\t\t<\/h3>\n\t\t\t<\/div>\n\t\t\t<div class=\"edgtf-cml-line\"><\/div>\n\n\t\t\t\t\t<\/div>\n\t\t<div class=\"edgtf-cml-bottom-holder clearfix\">\n\t\t\t\n\t\t\t\t\t<\/div>\n\t<\/div>\n\n<\/li><\/ul><\/div>[vc_empty_space height=&#8220;40px&#8220;][\/vc_column][\/vc_row]<\/p>\n<\/div>","protected":false},"excerpt":{"rendered":"<p>[vc_row css=&#8220;.vc_custom_1555610164002{padding-top: 70px !important;padding-bottom: 70px !important;}&#8220;][vc_column width=&#8220;1\/6&#8243;][\/vc_column][vc_column width=&#8220;2\/3&#8243;][vc_column_text css=&#8220;.vc_custom_1555611899068{padding-right: 20px !important;padding-left: 20px !important;}&#8220;]Frische Zutaten haben bei uns h\u00f6chste Priorit\u00e4t \u2013 ob Getr\u00e4nke oder Speisen. Das Cafe Treffpunkt steht f\u00fcr frische&#8230;<\/p>\n","protected":false},"author":1,"featured_media":0,"parent":0,"menu_order":0,"comment_status":"closed","ping_status":"closed","template":"full-width.php","meta":{"footnotes":""},"class_list":["post-10643","page","type-page","status-publish","hentry"],"_links":{"self":[{"href":"https:\/\/cafe-treffpunkt.at\/index.php?rest_route=\/wp\/v2\/pages\/10643","targetHints":{"allow":["GET"]}}],"collection":[{"href":"https:\/\/cafe-treffpunkt.at\/index.php?rest_route=\/wp\/v2\/pages"}],"about":[{"href":"https:\/\/cafe-treffpunkt.at\/index.php?rest_route=\/wp\/v2\/types\/page"}],"author":[{"embeddable":true,"href":"https:\/\/cafe-treffpunkt.at\/index.php?rest_route=\/wp\/v2\/users\/1"}],"replies":[{"embeddable":true,"href":"https:\/\/cafe-treffpunkt.at\/index.php?rest_route=%2Fwp%2Fv2%2Fcomments&post=10643"}],"version-history":[{"count":19,"href":"https:\/\/cafe-treffpunkt.at\/index.php?rest_route=\/wp\/v2\/pages\/10643\/revisions"}],"predecessor-version":[{"id":13772,"href":"https:\/\/cafe-treffpunkt.at\/index.php?rest_route=\/wp\/v2\/pages\/10643\/revisions\/13772"}],"wp:attachment":[{"href":"https:\/\/cafe-treffpunkt.at\/index.php?rest_route=%2Fwp%2Fv2%2Fmedia&parent=10643"}],"curies":[{"name":"wp","href":"https:\/\/api.w.org\/{rel}","templated":true}]}}